{"id":86,"date":"2025-09-02T13:27:22","date_gmt":"2025-09-02T13:27:22","guid":{"rendered":"https:\/\/mat-pilote.org\/?page_id=86"},"modified":"2025-12-09T20:45:11","modified_gmt":"2025-12-09T20:45:11","slug":"contact","status":"publish","type":"page","link":"https:\/\/mat-pilote.org\/fr\/contact\/","title":{"rendered":"Contact"},"content":{"rendered":"<div class=\"nfd-px-lg nfd-container wp-block-group alignfull has-global-padding is-layout-constrained wp-block-group-is-layout-constrained\">\n<div class=\"wp-block-group nfd-wb-animate nfd-wb-fade-in-bottom-short nfd-delay-300 is-content-justification-left is-layout-flex wp-container-core-group-is-layout-46c3cdc7 wp-block-group-is-layout-flex\">\n<div class=\"nfd-p-md nfd-text-base is-style-nfd-theme-dark wp-block-group wp-container-content-01c117f0 is-vertical is-content-justification-left is-layout-flex wp-container-core-group-is-layout-95b9bda4 wp-block-group-is-layout-flex\" style=\"border-radius:16px\">\n<div class=\"nfd-gap-xl wp-block-group has-global-padding is-layout-constrained wp-block-group-is-layout-constrained\">\n<div class=\"wp-block-group has-global-padding is-layout-constrained wp-block-group-is-layout-constrained\">\n<h2 class=\"wp-block-heading nfd-text-current nfd-text-lg\">Contactez-nous<\/h2>\n\n\n\n<p class=\"nfd-text-opacity-80\">Nous sommes l\u00e0 pour r\u00e9pondre \u00e0 vos questions et \u00e9couter vos suggestions.<\/p>\n\n\n\n<iframe src=\"https:\/\/www.google.com\/maps\/embed?pb=!1m18!1m12!1m3!1d904.4557154594662!2d-3.538900697932735!3d47.763253380150424!2m3!1f0!2f0!3f0!3m2!1i1024!2i768!4f13.1!3m3!1m2!1s0x4810f3ba23b7e263%3A0x42011a2b453f09b8!2s540%20Le%20Semaphore%2C%2029360%20Clohars-Carno%C3%ABt%2C%20France!5e1!3m2!1sen!2suk!4v1764841613723!5m2!1sen!2suk\" width=\"300\" height=\"450\" style=\"border:0;\" allowfullscreen=\"\" loading=\"lazy\" referrerpolicy=\"no-referrer-when-downgrade\"><\/iframe>\n<\/div>\n\n\n\n<div class=\"wp-block-group has-global-padding is-layout-constrained wp-container-core-group-is-layout-334a2726 wp-block-group-is-layout-constrained\"><\/div>\n<\/div>\n<\/div>\n\n\n\n<div class=\"nfd-p-md md:nfd-basis-full wp-block-group wp-container-content-6d18316b has-global-padding is-layout-constrained wp-container-core-group-is-layout-70f4fdbb wp-block-group-is-layout-constrained\" style=\"border-radius:16px\"><div class=\"wp-block-jetpack-contact-form is-style-default nfd-jp-form\"><a href=\"https:\/\/mat-pilote.org\/fr\/contact\/\" target=\"_blank\" rel=\"noopener noreferrer\">Soumettre un formulaire.<\/a><\/div><\/div>\n<\/div>\n<\/div>","protected":false},"excerpt":{"rendered":"<p>Get in touch We\u2019re here to answer your questions and listen to your suggestions.<\/p>","protected":false},"author":1,"featured_media":0,"parent":0,"menu_order":0,"comment_status":"closed","ping_status":"closed","template":"","meta":{"nf_dc_page":"","footnotes":""},"class_list":["post-86","page","type-page","status-publish","hentry"],"jetpack_sharing_enabled":true,"_links":{"self":[{"href":"https:\/\/mat-pilote.org\/fr\/wp-json\/wp\/v2\/pages\/86","targetHints":{"allow":["GET"]}}],"collection":[{"href":"https:\/\/mat-pilote.org\/fr\/wp-json\/wp\/v2\/pages"}],"about":[{"href":"https:\/\/mat-pilote.org\/fr\/wp-json\/wp\/v2\/types\/page"}],"author":[{"embeddable":true,"href":"https:\/\/mat-pilote.org\/fr\/wp-json\/wp\/v2\/users\/1"}],"replies":[{"embeddable":true,"href":"https:\/\/mat-pilote.org\/fr\/wp-json\/wp\/v2\/comments?post=86"}],"version-history":[{"count":5,"href":"https:\/\/mat-pilote.org\/fr\/wp-json\/wp\/v2\/pages\/86\/revisions"}],"predecessor-version":[{"id":403,"href":"https:\/\/mat-pilote.org\/fr\/wp-json\/wp\/v2\/pages\/86\/revisions\/403"}],"wp:attachment":[{"href":"https:\/\/mat-pilote.org\/fr\/wp-json\/wp\/v2\/media?parent=86"}],"curies":[{"name":"wp","href":"https:\/\/api.w.org\/{rel}","templated":true}]}}