{"id":4,"date":"2025-09-02T08:33:46","date_gmt":"2025-09-02T08:33:46","guid":{"rendered":"https:\/\/mat-pilote.org\/?page_id=4"},"modified":"2025-12-09T22:07:52","modified_gmt":"2025-12-09T22:07:52","slug":"homepage","status":"publish","type":"page","link":"https:\/\/mat-pilote.org\/fr\/","title":{"rendered":"Le Mat Pilote"},"content":{"rendered":"<div class=\"wp-block-group alignfull nfd-container nfd-wb-hero__hero-18 is-layout-flow wp-block-group-is-layout-flow\">\n<div class=\"wp-block-cover is-light nfd-container nfd-stretch-cover-child nfd-bg-gray-800 nfd-p-0 nfd-m-0 is-style-default\" style=\"min-height:656px;aspect-ratio:unset;\"><img data-recalc-dims=\"1\" decoding=\"async\" width=\"2560\" height=\"2097\" loading=\"lazy\" class=\"wp-block-cover__image-background wp-image-360 size-full\" alt=\"\" src=\"https:\/\/i0.wp.com\/mat-pilote.org\/wp-content\/uploads\/2025\/12\/IMG_2051-2-1-scaled.webp?resize=2560%2C2097&#038;ssl=1\" style=\"object-position:60% 69%\" data-object-fit=\"cover\" data-object-position=\"60% 69%\" srcset=\"https:\/\/i0.wp.com\/mat-pilote.org\/wp-content\/uploads\/2025\/12\/IMG_2051-2-1-scaled.webp?w=2560&amp;ssl=1 2560w, https:\/\/i0.wp.com\/mat-pilote.org\/wp-content\/uploads\/2025\/12\/IMG_2051-2-1-scaled.webp?resize=300%2C246&amp;ssl=1 300w, https:\/\/i0.wp.com\/mat-pilote.org\/wp-content\/uploads\/2025\/12\/IMG_2051-2-1-scaled.webp?resize=1024%2C839&amp;ssl=1 1024w, https:\/\/i0.wp.com\/mat-pilote.org\/wp-content\/uploads\/2025\/12\/IMG_2051-2-1-scaled.webp?resize=768%2C629&amp;ssl=1 768w, https:\/\/i0.wp.com\/mat-pilote.org\/wp-content\/uploads\/2025\/12\/IMG_2051-2-1-scaled.webp?resize=1536%2C1258&amp;ssl=1 1536w, https:\/\/i0.wp.com\/mat-pilote.org\/wp-content\/uploads\/2025\/12\/IMG_2051-2-1-scaled.webp?resize=2048%2C1678&amp;ssl=1 2048w\" sizes=\"auto, (max-width: 1000px) 100vw, 1000px\" \/><span aria-hidden=\"true\" class=\"wp-block-cover__background has-background-dim-0 has-background-dim has-background-gradient\" style=\"background:linear-gradient(195deg,rgb(252,185,0) 0%,rgb(255,105,0) 100%)\"><\/span><div class=\"wp-block-cover__inner-container is-layout-flow wp-block-cover-is-layout-flow\">\n<div class=\"wp-block-group alignfull is-style-default nfd-gap-lg nfd-px-0 is-vertical is-content-justification-center is-nowrap is-layout-flex wp-container-core-group-is-layout-d7b04dc7 wp-block-group-is-layout-flex\">\n<div style=\"height:32px\" aria-hidden=\"true\" class=\"wp-block-spacer nfd-my-0 wp-container-content-2cb1e7d4\"><\/div>\n\n\n\n<h1 class=\"wp-block-heading has-text-align-center nfd-text-huge md:nfd-text-left md:nfd-no-br has-base-color has-text-color has-link-color wp-elements-9fd703b5719e0123d89afc6e3bf5320a\" style=\"text-transform:uppercase\"><strong>LE M\u00c2T PILOTE<\/strong><\/h1>\n\n\n\n<p class=\"has-text-align-center nfd-text-balance nfd-text-md has-base-color has-text-color has-link-color wp-elements-bf434487424ce57d2036d988d08e0258\"><strong><em>Un projet de pr\u00e9servation du patrimoine<\/em><\/strong><\/p>\n\n\n\n<div style=\"height:0px\" aria-hidden=\"true\" class=\"wp-block-spacer nfd-my-0 wp-container-content-95fa7573\"><\/div>\n<\/div>\n<\/div><\/div>\n<\/div>\n\n\n\n<div class=\"wp-block-group nfd-container nfd-p-lg  nfd-wb-features__features-64 is-style-nfd-theme-white has-global-padding is-layout-constrained wp-block-group-is-layout-constrained\">\n<p>Dress\u00e9 sur un promontoire rocheux o\u00f9 la La\u00efta rejoint l\u2019Atlantique, le M\u00e2t-Pilote se tient l\u00e0 depuis 1847, pierre blanche contre falaise noire, cern\u00e9 par les eaux bleues sur trois c\u00f4t\u00e9s. Construit comme poste de s\u00e9maphore pour sauver des vies, fruit de l\u2019ing\u00e9niosit\u00e9 des Lumi\u00e8res fran\u00e7aises, il guidait autrefois les navires \u00e0 travers les sables mouvants de la barre du Pouldu. Aujourd\u2019hui, c\u2019est l\u2019un des derniers m\u00e2ts-pilotes intacts de France, pr\u00e9servant encore ses quartiers d\u2019origine des pilotes.<\/p>\n\n\n\n<p>Nous restaurons ce lieu remarquable\u2014la maison de notre enfance, la demeure de nos grands-parents\u2014selon un principe simple : son avenir sera assur\u00e9 par ceux qui y s\u00e9journeront. Les visiteurs soutiendront sa conservation, garantissant ainsi que ce monument maritime rare perdure pour les g\u00e9n\u00e9rations \u00e0 venir.<\/p>\n\n\n\n<p>Soutenez la restauration. Vivez le lieu. Aidez \u00e0 pr\u00e9server l\u2019un des derniers m\u00e2ts-pilotes de France.<\/p>\n<\/div>","protected":false},"excerpt":{"rendered":"<p>Perched on a rocky promontory where the La\u00efta meets the Atlantic, the Mat Pilote has stood since 1847\u2014white stone against black cliff, surrounded by blue waters on three sides. Built as a lifesaving semaphore station inspired by French Enlightenment ingenuity, it once guided ships safely through the treacherous sands of the Pouldu bar. Today it [&hellip;]<\/p>\n","protected":false},"author":1,"featured_media":0,"parent":0,"menu_order":0,"comment_status":"closed","ping_status":"closed","template":"","meta":{"nf_dc_page":"","footnotes":""},"class_list":["post-4","page","type-page","status-publish","hentry"],"jetpack_sharing_enabled":true,"_links":{"self":[{"href":"https:\/\/mat-pilote.org\/fr\/wp-json\/wp\/v2\/pages\/4","targetHints":{"allow":["GET"]}}],"collection":[{"href":"https:\/\/mat-pilote.org\/fr\/wp-json\/wp\/v2\/pages"}],"about":[{"href":"https:\/\/mat-pilote.org\/fr\/wp-json\/wp\/v2\/types\/page"}],"author":[{"embeddable":true,"href":"https:\/\/mat-pilote.org\/fr\/wp-json\/wp\/v2\/users\/1"}],"replies":[{"embeddable":true,"href":"https:\/\/mat-pilote.org\/fr\/wp-json\/wp\/v2\/comments?post=4"}],"version-history":[{"count":19,"href":"https:\/\/mat-pilote.org\/fr\/wp-json\/wp\/v2\/pages\/4\/revisions"}],"predecessor-version":[{"id":492,"href":"https:\/\/mat-pilote.org\/fr\/wp-json\/wp\/v2\/pages\/4\/revisions\/492"}],"wp:attachment":[{"href":"https:\/\/mat-pilote.org\/fr\/wp-json\/wp\/v2\/media?parent=4"}],"curies":[{"name":"wp","href":"https:\/\/api.w.org\/{rel}","templated":true}]}}