{"id":306,"date":"2025-12-04T09:11:51","date_gmt":"2025-12-04T09:11:51","guid":{"rendered":"https:\/\/mat-pilote.org\/?page_id=306"},"modified":"2025-12-09T20:41:03","modified_gmt":"2025-12-09T20:41:03","slug":"the-story","status":"publish","type":"page","link":"https:\/\/mat-pilote.org\/fr\/the-story\/","title":{"rendered":"L\u2019histoire"},"content":{"rendered":"<p>Le M\u00e2t Pilote s\u2019accroche \u00e0 un promontoire rocheux o\u00f9 la La\u00efta s\u2019ouvre sur l\u2019Atlantique, pierre blanche contre falaise noire, cern\u00e9 par les eaux bleues sur trois c\u00f4t\u00e9s. Il se dresse l\u00e0 depuis 1847, et demeure encore sur les cartes marines pr\u00e8s de deux si\u00e8cles plus tard, guidant les marins comme il l\u2019a toujours fait. La route qui porte son nom et y m\u00e8ne, le Chemin du M\u00e2t Pilote, longe le sentier c\u00f4tier pittoresque qui suit l\u2019estuaire vers Quimperl\u00e9, la La\u00efta devenant un \u00e9clat de mer s\u2019\u00e9tirant vers l\u2019int\u00e9rieur des terres, ville m\u00e9di\u00e9vale rencontrant eau de mar\u00e9e.<\/p>\n\n\n\n<p>Le capitaine Julien <a href=\"https:\/\/fr.wikipedia.org\/wiki\/M%C3%A2t_F%C3%A9noux\" target=\"_blank\" rel=\"noreferrer noopener\">F\u00e9noux<\/a> l\u2019a con\u00e7u comme une expression de l\u2019ing\u00e9niosit\u00e9 des Lumi\u00e8res fran\u00e7aises, une innovation rationnelle pour sauver des vies en mer. Un <a href=\"https:\/\/audierne.info\/wp-content\/uploads\/2015\/04\/mat_pilote_fenoux_650.jpg\" target=\"_blank\" rel=\"noreferrer noopener\">s\u00e9maphore de quinze m\u00e8tres<\/a> s\u2019\u00e9levait de sa tour. Lorsque les temp\u00eates retenaient les pilotes \u00e0 terre, les hommes stationn\u00e9s ici <a href=\"https:\/\/matfenoux.bzh\/film.html#\" target=\"_blank\" rel=\"noreferrer noopener\">actionnaient la grande fl\u00e8che en hauteur<\/a>, signalant les routes s\u00fbres \u00e0 travers les sables mouvants de la barre du Pouldu. Brillant par sa simplicit\u00e9, technologique par sa pr\u00e9cision. Plusieurs furent construits \u00e0 des points critiques le long de la c\u00f4te fran\u00e7aise. Seule une poign\u00e9e subsiste. Moins encore demeurent intacts. C\u2019est l\u2019un d\u2019eux, et contrairement \u00e0 tous les autres, il pr\u00e9serve ses quartiers de pilotes. Construit loin de toute ville, les hommes qui actionnaient le s\u00e9maphore vivaient ici, veillant \u00e0 travers les nuits. Maison et tour demeurent ensemble, comme elles devaient l\u2019\u00eatre : le seul m\u00e2t-pilote o\u00f9 l\u2019on peut vivre au sein de l\u2019histoire qu\u2019il renferme.<\/p>\n\n\n\n<p>La structure se r\u00e9v\u00e8le par tous les temps, et tous les temps ici sont extraordinaires : les \u00e9t\u00e9s paisibles du sud de la Bretagne quand la lumi\u00e8re joue sur l\u2019eau calme, et les temp\u00eates d\u00e9cha\u00een\u00e9es de l\u2019Atlantique se brisant sur les rochers en contrebas, ces m\u00eames temp\u00eates qui jadis faisaient de ce phare un sauveur et un espoir. Depuis ses murs de granit \u00e9pais d\u2019un m\u00e8tre, s\u2019ouvrant sur des vues \u00e0 couper le souffle dans toutes les directions, on est t\u00e9moin \u00e0 la fois du doux et du violent, de la r\u00e9alit\u00e9 maritime qui a fa\u00e7onn\u00e9 cette c\u00f4te depuis des mill\u00e9naires. La pierre elle-m\u00eame est protection et poste d\u2019observation, abri et commandement.<\/p>\n\n\n\n<p>Les vues depuis ses fen\u00eatres sont celles que <a href=\"https:\/\/gauguinatelierdupouldu.fr\/\">Gauguin<\/a> peignit obsessionnellement lorsqu\u2019il fit du Pouldu\u2014la mare noire, Ar Pouldu en breton\u2014un sujet central de son art : le promontoire avec <a href=\"https:\/\/uploads4.wikiart.org\/images\/paul-gauguin\/landscape-at-le-pouldu-the-isolated-house-1889.jpg!HalfHD.jpg\">maison blanche contre les rochers sombres<\/a>, <a href=\"https:\/\/uploads8.wikiart.org\/images\/paul-gauguin\/beach-at-le-pouldu-1889.jpg!HalfHD.jpg\">les plages orange-rose <\/a>et l\u2019eau turquoise, <a href=\"https:\/\/mat-pilote.org\/wp-content\/uploads\/2025\/12\/IMG_1142.jpeg\">les champs de moisson dor\u00e9s rejoignant la mer<\/a>, <a href=\"https:\/\/uploads0.wikiart.org\/images\/paul-gauguin\/the-creek-le-pouldu-1889.jpg!HalfHD.jpg\">les criques de mar\u00e9e<\/a> o\u00f9 la rivi\u00e8re affronte l\u2019oc\u00e9an. <a href=\"https:\/\/uploads7.wikiart.org\/images\/paul-gauguin\/breton-landscape-fields-by-the-sea-le-pouldu-1889.jpg!HalfHD.jpg\" target=\"_blank\" rel=\"noreferrer noopener\">Cette lumi\u00e8re c\u00f4ti\u00e8re particuli\u00e8re<\/a>, la convergence spectaculaire de terre et de mer qui entoure le M\u00e2t Pilote de tous c\u00f4t\u00e9s, l\u2019attirait pour peindre ces sc\u00e8nes encore et encore. Et la nuit, quand les \u00e9toiles \u00e9mergent au-dessus de cette p\u00e9ninsule lanc\u00e9e dans l\u2019Atlantique, l\u2019obscurit\u00e9 qu\u2019il captura devient tout autre chose : une vo\u00fbte d\u2019\u00e9toiles refl\u00e9t\u00e9e dans l\u2019eau noire, les cieux par lesquels les marins naviguaient autrefois.<\/p>\n\n\n\n<p>Pendant soixante-dix-sept ans, les navires qui auraient pu se briser sur ces sables et ces rochers sont pass\u00e9s sains et saufs dans la rivi\u00e8re. D\u00e9saffect\u00e9 en 1924, le M\u00e2t Pilote est devenu ce que deviennent de tels lieux lorsque leur travail est accompli : un gardien de m\u00e9moire.<\/p>\n\n\n\n<p>En 1975, pour le pr\u00e9server\u2014et les souvenirs qu\u2019il \u00e9veillait en lui\u2014notre grand-p\u00e8re l\u2019acheta. Nom de guerre <a href=\"https:\/\/mat-pilote.org\/fr\/claude-riviere-resistance-hero-and-adopted-breton\/\" target=\"_blank\" rel=\"noreferrer noopener\">Claude Rivi\u00e8re<\/a>\u2014un jeune \u00e9tudiant qui rejoignit la R\u00e9sistance, juste  \u201cKikli\u201d pour nous\u2014avait d\u00e9rob\u00e9 des cartes de d\u00e9fense c\u00f4ti\u00e8re allemandes dans un s\u00e9maphore \u00e0 Paimpol en 1941, des plans qui parvinrent \u00e0 Londres et rendirent <a href=\"https:\/\/en.wikipedia.org\/wiki\/Operation_Fahrenheit\" target=\"_blank\" rel=\"noreferrer noopener\">l'op\u00e9ration Fahrenheit<\/a> possible. Trente-quatre ans plus tard, lorsqu\u2019il trouva le M\u00e2t Pilote \u00e0 vendre, il revit son jeune moi. Celui qui avait autrefois p\u00e9n\u00e9tr\u00e9 par effraction dans des s\u00e9maphores pour s\u2019emparer de renseignements qui sauveraient des vies. La tour l\u2019appelait. Il r\u00e9pondit. Au fond des rochers en contrebas, cach\u00e9 aux yeux de la plupart, demeure un bunker allemand de cette m\u00eame guerre : occupant et lib\u00e9rateur partageant le m\u00eame promontoire de pierre, l\u2019histoire superpos\u00e9e \u00e0 l\u2019histoire.<\/p>\n\n\n\n<p>Ce sont ces m\u00e9moires que nous visons \u00e0 pr\u00e9server. La m\u00e9moire maritime, collective, connue de quiconque a un jour contempl\u00e9 la mer. La m\u00e9moire artistique dans les toiles de Gauguin de ces paysages exacts. La m\u00e9moire de l\u2019innovation technique fran\u00e7aise, du rationalisme des Lumi\u00e8res mis au service de sauver des vies. La m\u00e9moire de guerre, R\u00e9sistance et occupation, courage et cons\u00e9quence, un bunker dans les rochers et des plans pass\u00e9s clandestinement \u00e0 Londres. Et notre m\u00e9moire priv\u00e9e aussi\u2014notre enfance, la maison de nos grands-parents, aujourd\u2019hui restaur\u00e9e par trois fr\u00e8res qui comprennent ce qui doit \u00eatre fait.<\/p>\n\n\n\n<p>Nous le restaurons avec un principe \u00e0 la fois simple et durable : des visiteurs habiteront ce lieu, et leur pr\u00e9sence financera sa conservation perp\u00e9tuelle. Pas du commerce, mais de la pr\u00e9servation. Pas du profit, mais de la continuit\u00e9. Le M\u00e2t Pilote guidera son propre avenir comme il guidait autrefois les navires : avec soin, avec d\u00e9termination, \u00e0 travers les g\u00e9n\u00e9rations. Car c\u2019est ainsi que survivent les monuments : en \u00e9tant utilis\u00e9s, avec soin. En \u00e9tant habit\u00e9s, avec respect. En servant un but qui assure leur pr\u00e9servation. L\u2019alternative est la lente d\u00e9cr\u00e9pitude, ce qui n\u2019est pas une alternative du tout.<\/p>\n\n\n\n<p>Soutenez la restauration. Vivez le lieu. Pr\u00e9servez <a href=\"https:\/\/fr.wikipedia.org\/wiki\/M\u00e2t_F\u00e9noux#Autres_vestiges\" target=\"_blank\" rel=\"noreferrer noopener\">l\u2019un des derniers m\u00e2ts-pilotes de France<\/a> pour les si\u00e8cles \u00e0 venir.<\/p>\n\n\n\n<p><\/p>","protected":false},"excerpt":{"rendered":"<p>The Mat Pilote clings to a rocky promontory where the La\u00efta opens to the Atlantic, white stone against black cliff, surrounded by blue waters on three sides. It has stood since 1847, and remains there still on nautical charts nearly two centuries later, guiding mariners as it always has. The road that bears its name [&hellip;]<\/p>\n","protected":false},"author":1,"featured_media":0,"parent":0,"menu_order":0,"comment_status":"closed","ping_status":"closed","template":"","meta":{"nf_dc_page":"","footnotes":""},"class_list":["post-306","page","type-page","status-publish","hentry"],"jetpack_sharing_enabled":true,"_links":{"self":[{"href":"https:\/\/mat-pilote.org\/fr\/wp-json\/wp\/v2\/pages\/306","targetHints":{"allow":["GET"]}}],"collection":[{"href":"https:\/\/mat-pilote.org\/fr\/wp-json\/wp\/v2\/pages"}],"about":[{"href":"https:\/\/mat-pilote.org\/fr\/wp-json\/wp\/v2\/types\/page"}],"author":[{"embeddable":true,"href":"https:\/\/mat-pilote.org\/fr\/wp-json\/wp\/v2\/users\/1"}],"replies":[{"embeddable":true,"href":"https:\/\/mat-pilote.org\/fr\/wp-json\/wp\/v2\/comments?post=306"}],"version-history":[{"count":8,"href":"https:\/\/mat-pilote.org\/fr\/wp-json\/wp\/v2\/pages\/306\/revisions"}],"predecessor-version":[{"id":480,"href":"https:\/\/mat-pilote.org\/fr\/wp-json\/wp\/v2\/pages\/306\/revisions\/480"}],"wp:attachment":[{"href":"https:\/\/mat-pilote.org\/fr\/wp-json\/wp\/v2\/media?parent=306"}],"curies":[{"name":"wp","href":"https:\/\/api.w.org\/{rel}","templated":true}]}}